{"id":43215,"date":"2019-09-26T12:11:35","date_gmt":"2019-09-26T10:11:35","guid":{"rendered":"http:\/\/www.tradonline.fr\/translation\/recurring-translations\/"},"modified":"2023-12-26T12:18:24","modified_gmt":"2023-12-26T11:18:24","slug":"recurring-translations","status":"publish","type":"page","link":"https:\/\/www.tradonline.fr\/en\/your-needs\/recurring-translations\/","title":{"rendered":"Recurring translations"},"content":{"rendered":"<p>[et_pb_section fb_built=&#8221;1&#8243; admin_label=&#8221;Header&#8221; _builder_version=&#8221;4.22.1&#8243; _module_preset=&#8221;default&#8221; use_background_color_gradient=&#8221;on&#8221; background_color_gradient_type=&#8221;circular&#8221; background_color_gradient_stops=&#8221;gcid-64653083-5242-43fe-8dfb-3d72435526c0 0%|gcid-a2ad28b5-d28e-4d1e-9e4d-81a3653a5561 80%|#000000 100%&#8221; background_enable_image=&#8221;off&#8221; background_size=&#8221;contain&#8221; background_position=&#8221;bottom_center&#8221; overflow-x=&#8221;visible&#8221; overflow-y=&#8221;visible&#8221; custom_margin=&#8221;3vw|3vw||3vw|false|true&#8221; bottom_divider_color=&#8221;#FFFFFF&#8221; bottom_divider_height=&#8221;150px&#8221; bottom_divider_flip=&#8221;vertical&#8221; background_last_edited=&#8221;on|desktop&#8221; background_mask_aspect_ratio_tablet=&#8221;portrait&#8221; background_mask_size_tablet=&#8221;stretch&#8221; background_mask_size_phone=&#8221;stretch&#8221; border_radii=&#8221;on|1.5vw|1.5vw|1.5vw|1.5vw&#8221; locked=&#8221;off&#8221; collapsed=&#8221;off&#8221; global_colors_info=&#8221;{%22gcid-64653083-5242-43fe-8dfb-3d72435526c0%22:%91%22background_color_gradient_stops%22%93}&#8221;][et_pb_row _builder_version=&#8221;4.22.1&#8243; _module_preset=&#8221;default&#8221; locked=&#8221;off&#8221; global_colors_info=&#8221;{}&#8221;][et_pb_column type=&#8221;4_4&#8243; _builder_version=&#8221;4.22.1&#8243; _module_preset=&#8221;default&#8221; custom_padding_tablet=&#8221;0%||||false|false&#8221; custom_padding_phone=&#8221;0%||||false|false&#8221; custom_padding_last_edited=&#8221;off|phone&#8221; global_colors_info=&#8221;{}&#8221;][et_pb_text _builder_version=&#8221;4.22.2&#8243; _module_preset=&#8221;8d14a993-9bd2-43cf-95eb-7cd556864b08&#8243; header_4_text_color=&#8221;gcid-b25270ff-80a4-43b3-b4f7-60812cb04374&#8243; text_orientation=&#8221;center&#8221; global_colors_info=&#8221;{%22gcid-b25270ff-80a4-43b3-b4f7-60812cb04374%22:%91%22header_4_text_color%22%93}&#8221;]<\/p>\n<h4>Your needs<\/h4>\n<p>[\/et_pb_text][et_pb_text _builder_version=&#8221;4.22.2&#8243; _module_preset=&#8221;f4dc5eab-e33f-40c9-8a75-58be26f45762&#8243; header_text_color=&#8221;#FFFFFF&#8221; header_font_size=&#8221;60px&#8221; header_2_font=&#8221;Inter|700|on||||||&#8221; header_2_text_color=&#8221;#FFFFFF&#8221; header_2_font_size=&#8221;40px&#8221; text_orientation=&#8221;center&#8221; custom_margin=&#8221;||10px||false|false&#8221; custom_padding=&#8221;||40px||false|false&#8221; header_font_size_tablet=&#8221;50px&#8221; header_font_size_phone=&#8221;30px&#8221; header_font_size_last_edited=&#8221;on|phone&#8221; header_2_font_size_tablet=&#8221;36px&#8221; header_2_font_size_phone=&#8221;24px&#8221; header_2_font_size_last_edited=&#8221;on|phone&#8221; global_colors_info=&#8221;{}&#8221;]<\/p>\n<h1>Recurring Translations<\/h1>\n<p>[\/et_pb_text][\/et_pb_column][\/et_pb_row][\/et_pb_section][et_pb_section fb_built=&#8221;1&#8243; admin_label=&#8221;section&#8221; _builder_version=&#8221;4.22.1&#8243; use_background_color_gradient=&#8221;on&#8221; background_color_gradient_stops=&#8221;rgba(30,146,189,0.15) 0%|#ffffff 50%&#8221; width=&#8221;90%&#8221; max_width=&#8221;900px&#8221; module_alignment=&#8221;center&#8221; custom_margin=&#8221;-6vw||||false|false&#8221; custom_padding=&#8221;0px||||false|false&#8221; global_colors_info=&#8221;{}&#8221;][et_pb_row admin_label=&#8221;row&#8221; _builder_version=&#8221;4.22.1&#8243; background_size=&#8221;initial&#8221; background_position=&#8221;top_left&#8221; background_repeat=&#8221;repeat&#8221; max_width=&#8221;900px&#8221; global_colors_info=&#8221;{}&#8221;][et_pb_column type=&#8221;4_4&#8243; _builder_version=&#8221;4.22.1&#8243; custom_padding=&#8221;|||&#8221; global_colors_info=&#8221;{}&#8221; custom_padding__hover=&#8221;|||&#8221;][et_pb_text admin_label=&#8221;Text&#8221; _builder_version=&#8221;4.22.2&#8243; background_size=&#8221;initial&#8221; background_position=&#8221;top_left&#8221; background_repeat=&#8221;repeat&#8221; global_colors_info=&#8221;{}&#8221;]<\/p>\n<p><strong>Do you have recurring daily or weekly translation needs? Whether you only have a couple words or phrases at a time, or thousands of words per day, we handle both types of recurrent content in the same, professional, manner.<\/strong><\/p>\n<h3>Small recurring translations<\/h3>\n<p>If your business adheres to the principles of agile development, you may only have a few lines to translate every week.<\/p>\n<p>To reduce the cost of project management, we can automate part of the process and simplify the work for both you and our project managers.<\/p>\n<h3>Large recurring translations<\/h3>\n<p>If, however, your business manages a large product database and you\u2019d like to coordinate between the native version and the other languages you offer, we have solutions for you as well!<\/p>\n<p>Optimize your workflows with our API-based solutions.<\/p>\n<h4>Translation memory<\/h4>\n<p>The implementaion of a translation memory is a crucial step for voluminous reccuring translations.<\/p>\n<h4>What skills are necessary?<\/h4>\n<p>Vigilance and rigour are the key words for our project managers!<\/p>\n<p>All of our team members have been trained to manage the crucial mix of quality, cost, and lead time.<\/p>\n<h4>Projects with frequent evolutions<\/h4>\n<p>We regularly handle projects with frequent or even daily updates to their databases. This can be the case for certain documents that need to be updated regularly to remain in line with constantly evolving data security standards. In these instances, our team maintains previous translations in a translation memory and updates only the changed text. This means you\u2019ll save money while ensuring the quality is maintained.<\/p>\n<p>[\/et_pb_text][\/et_pb_column][\/et_pb_row][\/et_pb_section]<\/p>\n","protected":false},"excerpt":{"rendered":"<p>Your needsRecurring TranslationsDo you have recurring daily or weekly translation needs? Whether you only have a couple words or phrases at a time, or thousands of words per day, we handle both types of recurrent content in the same, professional, manner. Small recurring translations If your business adheres to the principles of agile development, you [&hellip;]<\/p>\n","protected":false},"author":26,"featured_media":0,"parent":36867,"menu_order":0,"comment_status":"closed","ping_status":"closed","template":"","meta":{"_et_pb_use_builder":"on","_et_pb_old_content":"<!-- wp:paragraph -->\r\n<p>Vous avez des besoins de traduction quotidiens\r\nou hebdomadaires\u00a0? Que ce soit des petits volumes (de quelques mots \u00e0\r\nquelques phrases) ou bien de gros volumes (plusieurs milliers de mots par\r\njour), sachez que nous ne traitons pas ces deux types de contenus de la m\u00eame\r\nmani\u00e8re\u00a0!<\/p>\r\n<!-- \/wp:paragraph -->\r\n\r\n<!-- wp:heading {\"editorskit\":{\"devices\":false,\"desktop\":true,\"tablet\":true,\"mobile\":true,\"loggedin\":true,\"loggedout\":true,\"acf_visibility\":\"\",\"acf_field\":\"\",\"acf_condition\":\"\",\"acf_value\":\"\",\"migrated\":false,\"unit_test\":false}} -->\r\n<h2 class=\"wp-block-heading\"><strong>Petits\r\nvolumes r\u00e9currents<\/strong><\/h2>\r\n<!-- \/wp:heading -->\r\n\r\n<!-- wp:paragraph -->\r\n<p>Vous \u00eates une entreprise qui travaille en <a href=\"\/blog\/developpement-agile-marketing-agile-et-traduction-agile\/\">mode Agile<\/a>\u00a0et vous avez besoin de faire traduire quelques lignes toutes les semaines\u00a0?<\/p>\r\n<!-- \/wp:paragraph -->\r\n\r\n<!-- wp:paragraph -->\r\n<p>Pour r\u00e9duire les co\u00fbts de gestion de projet, il\r\nest n\u00e9cessaire d\u2019automatiser une partie des processus (voir ITP) en assurant la\r\nsimplicit\u00e9 du processus.<\/p>\r\n<!-- \/wp:paragraph -->\r\n\r\n<!-- wp:heading {\"editorskit\":{\"devices\":false,\"desktop\":true,\"tablet\":true,\"mobile\":true,\"loggedin\":true,\"loggedout\":true,\"acf_visibility\":\"\",\"acf_field\":\"\",\"acf_condition\":\"\",\"acf_value\":\"\",\"migrated\":false,\"unit_test\":false}} -->\r\n<h2 class=\"wp-block-heading\"><strong>Gros\r\nvolumes r\u00e9currents<\/strong><\/h2>\r\n<!-- \/wp:heading -->\r\n\r\n<!-- wp:paragraph -->\r\n<p>Vous \u00eates une entreprise qui met r\u00e9guli\u00e8rement\r\n\u00e0 jour sa base de produits et qui aimerait une mise en ligne coordonn\u00e9e entre\r\nla version FR (native) et les autres langues\u00a0? Nous avons des solutions\r\npour vous\u00a0!<\/p>\r\n<!-- \/wp:paragraph -->\r\n\r\n<!-- wp:paragraph -->\r\n<p><a href=\"\/blog\/localisation-optimisez-vos-flux-de-traductions-grace-a-nos-solutions-api\/\">Optimisez vos flux de traductions gr\u00e2ce \u00e0 nos solutions API<\/a>.<\/p>\r\n<!-- \/wp:paragraph -->\r\n\r\n<!-- wp:heading {\"level\":3,\"editorskit\":{\"devices\":false,\"desktop\":true,\"tablet\":true,\"mobile\":true,\"loggedin\":true,\"loggedout\":true,\"acf_visibility\":\"\",\"acf_field\":\"\",\"acf_condition\":\"\",\"acf_value\":\"\",\"migrated\":false,\"unit_test\":false}} -->\r\n<h3 class=\"wp-block-heading\"><strong>M\u00e9moire\r\nde traduction<\/strong><\/h3>\r\n<!-- \/wp:heading -->\r\n\r\n<!-- wp:paragraph -->\r\n<p>La mise en place d\u2019une m\u00e9moire de traduction est une \u00e9tape obligatoire pour mise en place de gros <a href=\"\/metier\/quest-ce-quune-memoire-de-traduction\/\">projets r\u00e9currents<\/a>. <\/p>\r\n<!-- \/wp:paragraph -->\r\n\r\n<!-- wp:heading {\"level\":3,\"editorskit\":{\"devices\":false,\"desktop\":true,\"tablet\":true,\"mobile\":true,\"loggedin\":true,\"loggedout\":true,\"acf_visibility\":\"\",\"acf_field\":\"\",\"acf_condition\":\"\",\"acf_value\":\"\",\"migrated\":false,\"unit_test\":false}} -->\r\n<h3 class=\"wp-block-heading\"><strong>Comp\u00e9tences\r\nrequises\u00a0?<\/strong><\/h3>\r\n<!-- \/wp:heading -->\r\n\r\n<!-- wp:paragraph -->\r\n<p>Vigilance et rigueur sont de mise chez nos\r\nchefs de projets.<\/p>\r\n<!-- \/wp:paragraph -->\r\n\r\n<!-- wp:paragraph -->\r\n<p>Toute notre \u00e9quipe est form\u00e9e pour g\u00e9rer le\r\nmix\u00a0: qualit\u00e9, co\u00fbt, d\u00e9lai.<\/p>\r\n<!-- \/wp:paragraph -->\r\n\r\n<!-- wp:heading {\"level\":3,\"editorskit\":{\"devices\":false,\"desktop\":true,\"tablet\":true,\"mobile\":true,\"loggedin\":true,\"loggedout\":true,\"acf_visibility\":\"\",\"acf_field\":\"\",\"acf_condition\":\"\",\"acf_value\":\"\",\"migrated\":false,\"unit_test\":false}} -->\r\n<h3 class=\"wp-block-heading\"><strong>Projet\r\navec mise \u00e0 jour fr\u00e9quente<\/strong><\/h3>\r\n<!-- \/wp:heading -->\r\n\r\n<!-- wp:paragraph -->\r\n<p>Nous traitons r\u00e9guli\u00e8rement des projets\r\nn\u00e9cessitant la mise \u00e0 jour de donn\u00e9es. C\u2019est le cas de certains documents\r\nr\u00e9glementaires comme la mise aux normes de fiches de donn\u00e9es de s\u00e9curit\u00e9. Dans\r\nce cas-l\u00e0, notre \u00e9quipe garde en m\u00e9moire la traduction pr\u00e9c\u00e9dente et fait\r\ntraduire que les ajouts. A la cl\u00e9\u00a0: gain de co\u00fbt et qualit\u00e9 pr\u00e9serv\u00e9e.<\/p>\r\n<!-- \/wp:paragraph -->","_et_gb_content_width":"","footnotes":""},"class_list":["post-43215","page","type-page","status-publish","hentry"],"yoast_head":"<!-- This site is optimized with the Yoast SEO plugin v27.5 - https:\/\/yoast.com\/product\/yoast-seo-wordpress\/ -->\n<title>Recurring translations - Tradonline<\/title>\n<meta name=\"description\" content=\"Do you have daily or weekly translation needs? TradOnline is able to handle your recurring translation needs, however many words they may be.\" \/>\n<meta name=\"robots\" content=\"index, follow, max-snippet:-1, max-image-preview:large, max-video-preview:-1\" \/>\n<link rel=\"canonical\" href=\"https:\/\/www.tradonline.fr\/en\/your-needs\/recurring-translations\/\" \/>\n<meta property=\"og:locale\" content=\"en_US\" \/>\n<meta property=\"og:type\" content=\"article\" \/>\n<meta property=\"og:title\" content=\"Recurring translations - Tradonline\" \/>\n<meta property=\"og:description\" content=\"Do you have daily or weekly translation needs? TradOnline is able to handle your recurring translation needs, however many words they may be.\" \/>\n<meta property=\"og:url\" content=\"https:\/\/www.tradonline.fr\/en\/your-needs\/recurring-translations\/\" \/>\n<meta property=\"og:site_name\" content=\"Tradonline\" \/>\n<meta property=\"article:modified_time\" content=\"2023-12-26T11:18:24+00:00\" \/>\n<meta name=\"twitter:card\" content=\"summary_large_image\" \/>\n<meta name=\"twitter:label1\" content=\"Est. reading time\" \/>\n\t<meta name=\"twitter:data1\" content=\"2 minutes\" \/>\n<script type=\"application\/ld+json\" class=\"yoast-schema-graph\">{\"@context\":\"https:\\\/\\\/schema.org\",\"@graph\":[{\"@type\":\"WebPage\",\"@id\":\"https:\\\/\\\/www.tradonline.fr\\\/en\\\/your-needs\\\/recurring-translations\\\/\",\"url\":\"https:\\\/\\\/www.tradonline.fr\\\/en\\\/your-needs\\\/recurring-translations\\\/\",\"name\":\"Recurring translations - Tradonline\",\"isPartOf\":{\"@id\":\"https:\\\/\\\/www.tradonline.fr\\\/en\\\/#website\"},\"datePublished\":\"2019-09-26T10:11:35+00:00\",\"dateModified\":\"2023-12-26T11:18:24+00:00\",\"description\":\"Do you have daily or weekly translation needs? TradOnline is able to handle your recurring translation needs, however many words they may be.\",\"breadcrumb\":{\"@id\":\"https:\\\/\\\/www.tradonline.fr\\\/en\\\/your-needs\\\/recurring-translations\\\/#breadcrumb\"},\"inLanguage\":\"en-US\",\"potentialAction\":[{\"@type\":\"ReadAction\",\"target\":[\"https:\\\/\\\/www.tradonline.fr\\\/en\\\/your-needs\\\/recurring-translations\\\/\"]}]},{\"@type\":\"BreadcrumbList\",\"@id\":\"https:\\\/\\\/www.tradonline.fr\\\/en\\\/your-needs\\\/recurring-translations\\\/#breadcrumb\",\"itemListElement\":[{\"@type\":\"ListItem\",\"position\":1,\"name\":\"Home\",\"item\":\"https:\\\/\\\/www.tradonline.fr\\\/en\\\/\"},{\"@type\":\"ListItem\",\"position\":2,\"name\":\"Your needs\",\"item\":\"https:\\\/\\\/www.tradonline.fr\\\/en\\\/your-needs\\\/\"},{\"@type\":\"ListItem\",\"position\":3,\"name\":\"Recurring translations\"}]},{\"@type\":\"WebSite\",\"@id\":\"https:\\\/\\\/www.tradonline.fr\\\/en\\\/#website\",\"url\":\"https:\\\/\\\/www.tradonline.fr\\\/en\\\/\",\"name\":\"Tradonline\",\"description\":\"More than translation\",\"publisher\":{\"@id\":\"https:\\\/\\\/www.tradonline.fr\\\/en\\\/#organization\"},\"alternateName\":\"Tradonline\",\"potentialAction\":[{\"@type\":\"SearchAction\",\"target\":{\"@type\":\"EntryPoint\",\"urlTemplate\":\"https:\\\/\\\/www.tradonline.fr\\\/en\\\/?s={search_term_string}\"},\"query-input\":{\"@type\":\"PropertyValueSpecification\",\"valueRequired\":true,\"valueName\":\"search_term_string\"}}],\"inLanguage\":\"en-US\"},{\"@type\":\"Organization\",\"@id\":\"https:\\\/\\\/www.tradonline.fr\\\/en\\\/#organization\",\"name\":\"Tradonline\",\"url\":\"https:\\\/\\\/www.tradonline.fr\\\/en\\\/\",\"logo\":{\"@type\":\"ImageObject\",\"inLanguage\":\"en-US\",\"@id\":\"https:\\\/\\\/www.tradonline.fr\\\/en\\\/#\\\/schema\\\/logo\\\/image\\\/\",\"url\":\"https:\\\/\\\/www.tradonline.fr\\\/wp-content\\\/uploads\\\/2021\\\/09\\\/cropped-logo-centered.png\",\"contentUrl\":\"https:\\\/\\\/www.tradonline.fr\\\/wp-content\\\/uploads\\\/2021\\\/09\\\/cropped-logo-centered.png\",\"width\":1920,\"height\":550,\"caption\":\"Tradonline\"},\"image\":{\"@id\":\"https:\\\/\\\/www.tradonline.fr\\\/en\\\/#\\\/schema\\\/logo\\\/image\\\/\"}}]}<\/script>\n<!-- \/ Yoast SEO plugin. -->","yoast_head_json":{"title":"Recurring translations - Tradonline","description":"Do you have daily or weekly translation needs? TradOnline is able to handle your recurring translation needs, however many words they may be.","robots":{"index":"index","follow":"follow","max-snippet":"max-snippet:-1","max-image-preview":"max-image-preview:large","max-video-preview":"max-video-preview:-1"},"canonical":"https:\/\/www.tradonline.fr\/en\/your-needs\/recurring-translations\/","og_locale":"en_US","og_type":"article","og_title":"Recurring translations - Tradonline","og_description":"Do you have daily or weekly translation needs? TradOnline is able to handle your recurring translation needs, however many words they may be.","og_url":"https:\/\/www.tradonline.fr\/en\/your-needs\/recurring-translations\/","og_site_name":"Tradonline","article_modified_time":"2023-12-26T11:18:24+00:00","twitter_card":"summary_large_image","twitter_misc":{"Est. reading time":"2 minutes"},"schema":{"@context":"https:\/\/schema.org","@graph":[{"@type":"WebPage","@id":"https:\/\/www.tradonline.fr\/en\/your-needs\/recurring-translations\/","url":"https:\/\/www.tradonline.fr\/en\/your-needs\/recurring-translations\/","name":"Recurring translations - Tradonline","isPartOf":{"@id":"https:\/\/www.tradonline.fr\/en\/#website"},"datePublished":"2019-09-26T10:11:35+00:00","dateModified":"2023-12-26T11:18:24+00:00","description":"Do you have daily or weekly translation needs? TradOnline is able to handle your recurring translation needs, however many words they may be.","breadcrumb":{"@id":"https:\/\/www.tradonline.fr\/en\/your-needs\/recurring-translations\/#breadcrumb"},"inLanguage":"en-US","potentialAction":[{"@type":"ReadAction","target":["https:\/\/www.tradonline.fr\/en\/your-needs\/recurring-translations\/"]}]},{"@type":"BreadcrumbList","@id":"https:\/\/www.tradonline.fr\/en\/your-needs\/recurring-translations\/#breadcrumb","itemListElement":[{"@type":"ListItem","position":1,"name":"Home","item":"https:\/\/www.tradonline.fr\/en\/"},{"@type":"ListItem","position":2,"name":"Your needs","item":"https:\/\/www.tradonline.fr\/en\/your-needs\/"},{"@type":"ListItem","position":3,"name":"Recurring translations"}]},{"@type":"WebSite","@id":"https:\/\/www.tradonline.fr\/en\/#website","url":"https:\/\/www.tradonline.fr\/en\/","name":"Tradonline","description":"More than translation","publisher":{"@id":"https:\/\/www.tradonline.fr\/en\/#organization"},"alternateName":"Tradonline","potentialAction":[{"@type":"SearchAction","target":{"@type":"EntryPoint","urlTemplate":"https:\/\/www.tradonline.fr\/en\/?s={search_term_string}"},"query-input":{"@type":"PropertyValueSpecification","valueRequired":true,"valueName":"search_term_string"}}],"inLanguage":"en-US"},{"@type":"Organization","@id":"https:\/\/www.tradonline.fr\/en\/#organization","name":"Tradonline","url":"https:\/\/www.tradonline.fr\/en\/","logo":{"@type":"ImageObject","inLanguage":"en-US","@id":"https:\/\/www.tradonline.fr\/en\/#\/schema\/logo\/image\/","url":"https:\/\/www.tradonline.fr\/wp-content\/uploads\/2021\/09\/cropped-logo-centered.png","contentUrl":"https:\/\/www.tradonline.fr\/wp-content\/uploads\/2021\/09\/cropped-logo-centered.png","width":1920,"height":550,"caption":"Tradonline"},"image":{"@id":"https:\/\/www.tradonline.fr\/en\/#\/schema\/logo\/image\/"}}]}},"_links":{"self":[{"href":"https:\/\/www.tradonline.fr\/en\/wp-json\/wp\/v2\/pages\/43215","targetHints":{"allow":["GET"]}}],"collection":[{"href":"https:\/\/www.tradonline.fr\/en\/wp-json\/wp\/v2\/pages"}],"about":[{"href":"https:\/\/www.tradonline.fr\/en\/wp-json\/wp\/v2\/types\/page"}],"author":[{"embeddable":true,"href":"https:\/\/www.tradonline.fr\/en\/wp-json\/wp\/v2\/users\/26"}],"replies":[{"embeddable":true,"href":"https:\/\/www.tradonline.fr\/en\/wp-json\/wp\/v2\/comments?post=43215"}],"version-history":[{"count":3,"href":"https:\/\/www.tradonline.fr\/en\/wp-json\/wp\/v2\/pages\/43215\/revisions"}],"predecessor-version":[{"id":77038,"href":"https:\/\/www.tradonline.fr\/en\/wp-json\/wp\/v2\/pages\/43215\/revisions\/77038"}],"up":[{"embeddable":true,"href":"https:\/\/www.tradonline.fr\/en\/wp-json\/wp\/v2\/pages\/36867"}],"wp:attachment":[{"href":"https:\/\/www.tradonline.fr\/en\/wp-json\/wp\/v2\/media?parent=43215"}],"curies":[{"name":"wp","href":"https:\/\/api.w.org\/{rel}","templated":true}]}}