{"id":41689,"date":"2019-11-15T11:05:15","date_gmt":"2019-11-15T10:05:15","guid":{"rendered":"https:\/\/www.tradonline.fr\/?page_id=41689"},"modified":"2023-12-26T12:42:36","modified_gmt":"2023-12-26T11:42:36","slug":"indesign-translation","status":"publish","type":"page","link":"https:\/\/www.tradonline.fr\/en\/your-needs\/indesign-translation\/","title":{"rendered":"Indesign Translation"},"content":{"rendered":"<p>[et_pb_section fb_built=&#8221;1&#8243; admin_label=&#8221;Header&#8221; _builder_version=&#8221;4.22.1&#8243; _module_preset=&#8221;default&#8221; use_background_color_gradient=&#8221;on&#8221; background_color_gradient_type=&#8221;circular&#8221; background_color_gradient_stops=&#8221;gcid-64653083-5242-43fe-8dfb-3d72435526c0 0%|gcid-a2ad28b5-d28e-4d1e-9e4d-81a3653a5561 80%|#000000 100%&#8221; background_enable_image=&#8221;off&#8221; background_size=&#8221;contain&#8221; background_position=&#8221;bottom_center&#8221; overflow-x=&#8221;visible&#8221; overflow-y=&#8221;visible&#8221; custom_margin=&#8221;3vw|3vw||3vw|false|true&#8221; bottom_divider_color=&#8221;#FFFFFF&#8221; bottom_divider_height=&#8221;150px&#8221; bottom_divider_flip=&#8221;vertical&#8221; background_last_edited=&#8221;on|desktop&#8221; background_mask_aspect_ratio_tablet=&#8221;portrait&#8221; background_mask_size_tablet=&#8221;stretch&#8221; background_mask_size_phone=&#8221;stretch&#8221; border_radii=&#8221;on|1.5vw|1.5vw|1.5vw|1.5vw&#8221; locked=&#8221;off&#8221; collapsed=&#8221;off&#8221; global_colors_info=&#8221;{%22gcid-64653083-5242-43fe-8dfb-3d72435526c0%22:%91%22background_color_gradient_stops%22%93}&#8221;][et_pb_row _builder_version=&#8221;4.22.1&#8243; _module_preset=&#8221;default&#8221; locked=&#8221;off&#8221; global_colors_info=&#8221;{}&#8221;][et_pb_column type=&#8221;4_4&#8243; _builder_version=&#8221;4.22.1&#8243; _module_preset=&#8221;default&#8221; custom_padding_tablet=&#8221;0%||||false|false&#8221; custom_padding_phone=&#8221;0%||||false|false&#8221; custom_padding_last_edited=&#8221;off|phone&#8221; global_colors_info=&#8221;{}&#8221;][et_pb_text _builder_version=&#8221;4.22.2&#8243; _module_preset=&#8221;8d14a993-9bd2-43cf-95eb-7cd556864b08&#8243; header_4_text_color=&#8221;gcid-b25270ff-80a4-43b3-b4f7-60812cb04374&#8243; text_orientation=&#8221;center&#8221; global_colors_info=&#8221;{%22gcid-b25270ff-80a4-43b3-b4f7-60812cb04374%22:%91%22header_4_text_color%22%93}&#8221;]<\/p>\n<h4>Your needs<\/h4>\n<p>[\/et_pb_text][et_pb_text _builder_version=&#8221;4.22.2&#8243; _module_preset=&#8221;f4dc5eab-e33f-40c9-8a75-58be26f45762&#8243; header_text_color=&#8221;#FFFFFF&#8221; header_font_size=&#8221;60px&#8221; header_2_font=&#8221;Inter|700|on||||||&#8221; header_2_text_color=&#8221;#FFFFFF&#8221; header_2_font_size=&#8221;40px&#8221; text_orientation=&#8221;center&#8221; custom_margin=&#8221;||10px||false|false&#8221; custom_padding=&#8221;||40px||false|false&#8221; header_font_size_tablet=&#8221;50px&#8221; header_font_size_phone=&#8221;30px&#8221; header_font_size_last_edited=&#8221;on|phone&#8221; header_2_font_size_tablet=&#8221;36px&#8221; header_2_font_size_phone=&#8221;24px&#8221; header_2_font_size_last_edited=&#8221;on|phone&#8221; global_colors_info=&#8221;{}&#8221;]<\/p>\n<h1>InDesign Translation<\/h1>\n<p>[\/et_pb_text][\/et_pb_column][\/et_pb_row][\/et_pb_section][et_pb_section fb_built=&#8221;1&#8243; admin_label=&#8221;section&#8221; _builder_version=&#8221;4.22.1&#8243; use_background_color_gradient=&#8221;on&#8221; background_color_gradient_stops=&#8221;rgba(30,146,189,0.15) 0%|#ffffff 50%&#8221; width=&#8221;90%&#8221; max_width=&#8221;900px&#8221; module_alignment=&#8221;center&#8221; custom_margin=&#8221;-6vw||||false|false&#8221; custom_padding=&#8221;0px||||false|false&#8221; global_colors_info=&#8221;{}&#8221;][et_pb_row admin_label=&#8221;row&#8221; _builder_version=&#8221;4.22.1&#8243; background_size=&#8221;initial&#8221; background_position=&#8221;top_left&#8221; background_repeat=&#8221;repeat&#8221; max_width=&#8221;900px&#8221; global_colors_info=&#8221;{}&#8221;][et_pb_column type=&#8221;4_4&#8243; _builder_version=&#8221;4.22.1&#8243; custom_padding=&#8221;|||&#8221; global_colors_info=&#8221;{}&#8221; custom_padding__hover=&#8221;|||&#8221;][et_pb_text admin_label=&#8221;Text&#8221; _builder_version=&#8221;4.22.2&#8243; background_size=&#8221;initial&#8221; background_position=&#8221;top_left&#8221; background_repeat=&#8221;repeat&#8221; global_colors_info=&#8221;{}&#8221;]<\/p>\n<p><strong>If your sales brochures, catalogues and other commercial tools were created using InDesign and you\u2019re looking to have them translated for international markets, TradOnline is able and ready to translate your InDesign files in a way that adheres to the source layout and scheme.<\/strong><\/p>\n<h3>Translation of Indesign Files, .IDML and CAT tools<\/h3>\n<p>A number of our clients send us PDF files to translate. However, PDF files prove to be complicated to work with as the page formatting of the Word export often leave much to be desired!<\/p>\n<p>But, thankfully there is an easier way to translate InDesign files; simply save the <strong>file as an .idml<\/strong> directly in InDesign.<\/p>\n<p>Our Computer-Assisted Translation (CAT) software are able to handle such file formats as is, allowing our translators to complete their translation of your documents in complete tranquility.<\/p>\n<h3>InDesign Translations and page formatting<\/h3>\n<p>Following the translation of your document, the page layout of the InDesign file must be reviewed; some words and languages require more or less characters than the source language.<\/p>\n<p>If you don\u2019t have anyone within your company who is qualified to rework and resize the images, TradOnline will contact one of our partner graphic designers and deliver a fully ready-to-use file.<\/p>\n<p>[\/et_pb_text][\/et_pb_column][\/et_pb_row][\/et_pb_section]<\/p>\n","protected":false},"excerpt":{"rendered":"<p>Your needsInDesign TranslationIf your sales brochures, catalogues and other commercial tools were created using InDesign and you\u2019re looking to have them translated for international markets, TradOnline is able and ready to translate your InDesign files in a way that adheres to the source layout and scheme. Translation of Indesign Files, .IDML and CAT tools A [&hellip;]<\/p>\n","protected":false},"author":26,"featured_media":0,"parent":36867,"menu_order":0,"comment_status":"closed","ping_status":"closed","template":"","meta":{"_et_pb_use_builder":"on","_et_pb_old_content":"<!-- wp:paragraph -->\r\n<p>Vos plaquettes commerciales, vos catalogues et autres supports  commerciaux sont r\u00e9alis\u00e9s \u00e0 partir du logiciel Indesign ? Vous souhaitez  pouvoir les traduire pour les utiliser \u00e0 l\u2019international ? Bonne  nouvelle, la <strong>traduction des fichiers Indesign<\/strong> est tout \u00e0 fait possible avec un rendu fid\u00e8le au fichier source. <\/p>\r\n<!-- \/wp:paragraph -->\r\n\r\n<!-- wp:heading {\"editorskit\":{\"devices\":false,\"desktop\":true,\"tablet\":true,\"mobile\":true,\"loggedin\":true,\"loggedout\":true,\"acf_visibility\":\"\",\"acf_field\":\"\",\"acf_condition\":\"\",\"acf_value\":\"\",\"migrated\":false,\"unit_test\":false}} -->\r\n<h2 class=\"wp-block-heading\">Traduction de Fichier Indesign, format IDML et TAO<\/h2>\r\n<!-- \/wp:heading -->\r\n\r\n<!-- wp:paragraph -->\r\n<p>Beaucoup de clients nous envoient des fichiers PDF \u00e0 traduire. Or ces\r\n fichiers PDF ne sont pas faciles \u00e0 prendre en charge en traduction, \r\nnotamment \u00e0 cause de la mise en forme bancale due \u00e0 l\u2019export vers Word.<br>\r\nIl existe un moyen beaucoup plus simple de traduire les fichiers Indesign : l\u2019enregistrement du fichier en <strong>format IDML<\/strong> directement \u00e0 partir du logiciel.<\/p>\r\n<!-- \/wp:paragraph -->\r\n\r\n<!-- wp:paragraph -->\r\n<p>Nos logiciels de traduction assist\u00e9e par ordinateur (<strong>TAO)<\/strong> prennent en charge ce format et nos traducteurs peuvent ainsi traduire en toute s\u00e9r\u00e9nit\u00e9 vos documents.<\/p>\r\n<!-- \/wp:paragraph -->\r\n\r\n<!-- wp:heading {\"editorskit\":{\"devices\":false,\"desktop\":true,\"tablet\":true,\"mobile\":true,\"loggedin\":true,\"loggedout\":true,\"acf_visibility\":\"\",\"acf_field\":\"\",\"acf_condition\":\"\",\"acf_value\":\"\",\"migrated\":false,\"unit_test\":false}} -->\r\n<h2 class=\"wp-block-heading\">Traduction de fichier Indesign et mise en forme<\/h2>\r\n<!-- \/wp:heading -->\r\n\r\n<!-- wp:paragraph -->\r\n<p>Suite \u00e0 la traduction de votre document, la mise en forme du fichier  Indesign est \u00e0 v\u00e9rifier : les mots traduits ne sont pas forc\u00e9ment aussi  longs\/courts que dans la langue source.<br> Si vous n\u2019avez personne au sein de votre entreprise pouvant  redimensionner les \u00e9l\u00e9ments, TradOnline s\u2019en charge via un de ses  partenaires infographiste et vous transmet un fichier pr\u00eat \u00e0 \u00eatre utilis\u00e9.<\/p>\r\n<!-- \/wp:paragraph -->\r\n\r\n<!-- wp:block {\"ref\":40701} \/-->","_et_gb_content_width":"","footnotes":""},"class_list":["post-41689","page","type-page","status-publish","hentry"],"yoast_head":"<!-- This site is optimized with the Yoast SEO plugin v27.4 - https:\/\/yoast.com\/product\/yoast-seo-wordpress\/ -->\n<title>Indesign Translation - Tradonline<\/title>\n<meta name=\"description\" content=\"Do you need to have an InDesign file translated? Our translators can handle your projects and deliver a file that matches the original.\" \/>\n<meta name=\"robots\" content=\"index, follow, max-snippet:-1, max-image-preview:large, max-video-preview:-1\" \/>\n<link rel=\"canonical\" href=\"https:\/\/www.tradonline.fr\/en\/your-needs\/indesign-translation\/\" \/>\n<meta property=\"og:locale\" content=\"en_US\" \/>\n<meta property=\"og:type\" content=\"article\" \/>\n<meta property=\"og:title\" content=\"Indesign Translation - Tradonline\" \/>\n<meta property=\"og:description\" content=\"Do you need to have an InDesign file translated? Our translators can handle your projects and deliver a file that matches the original.\" \/>\n<meta property=\"og:url\" content=\"https:\/\/www.tradonline.fr\/en\/your-needs\/indesign-translation\/\" \/>\n<meta property=\"og:site_name\" content=\"Tradonline\" \/>\n<meta property=\"article:modified_time\" content=\"2023-12-26T11:42:36+00:00\" \/>\n<meta name=\"twitter:card\" content=\"summary_large_image\" \/>\n<meta name=\"twitter:label1\" content=\"Est. reading time\" \/>\n\t<meta name=\"twitter:data1\" content=\"2 minutes\" \/>\n<script type=\"application\/ld+json\" class=\"yoast-schema-graph\">{\"@context\":\"https:\\\/\\\/schema.org\",\"@graph\":[{\"@type\":\"WebPage\",\"@id\":\"https:\\\/\\\/www.tradonline.fr\\\/en\\\/your-needs\\\/indesign-translation\\\/\",\"url\":\"https:\\\/\\\/www.tradonline.fr\\\/en\\\/your-needs\\\/indesign-translation\\\/\",\"name\":\"Indesign Translation - Tradonline\",\"isPartOf\":{\"@id\":\"https:\\\/\\\/www.tradonline.fr\\\/en\\\/#website\"},\"datePublished\":\"2019-11-15T10:05:15+00:00\",\"dateModified\":\"2023-12-26T11:42:36+00:00\",\"description\":\"Do you need to have an InDesign file translated? Our translators can handle your projects and deliver a file that matches the original.\",\"breadcrumb\":{\"@id\":\"https:\\\/\\\/www.tradonline.fr\\\/en\\\/your-needs\\\/indesign-translation\\\/#breadcrumb\"},\"inLanguage\":\"en-US\",\"potentialAction\":[{\"@type\":\"ReadAction\",\"target\":[\"https:\\\/\\\/www.tradonline.fr\\\/en\\\/your-needs\\\/indesign-translation\\\/\"]}]},{\"@type\":\"BreadcrumbList\",\"@id\":\"https:\\\/\\\/www.tradonline.fr\\\/en\\\/your-needs\\\/indesign-translation\\\/#breadcrumb\",\"itemListElement\":[{\"@type\":\"ListItem\",\"position\":1,\"name\":\"Home\",\"item\":\"https:\\\/\\\/www.tradonline.fr\\\/en\\\/\"},{\"@type\":\"ListItem\",\"position\":2,\"name\":\"Your needs\",\"item\":\"https:\\\/\\\/www.tradonline.fr\\\/en\\\/your-needs\\\/\"},{\"@type\":\"ListItem\",\"position\":3,\"name\":\"Indesign Translation\"}]},{\"@type\":\"WebSite\",\"@id\":\"https:\\\/\\\/www.tradonline.fr\\\/en\\\/#website\",\"url\":\"https:\\\/\\\/www.tradonline.fr\\\/en\\\/\",\"name\":\"Tradonline\",\"description\":\"More than translation\",\"publisher\":{\"@id\":\"https:\\\/\\\/www.tradonline.fr\\\/en\\\/#organization\"},\"alternateName\":\"Tradonline\",\"potentialAction\":[{\"@type\":\"SearchAction\",\"target\":{\"@type\":\"EntryPoint\",\"urlTemplate\":\"https:\\\/\\\/www.tradonline.fr\\\/en\\\/?s={search_term_string}\"},\"query-input\":{\"@type\":\"PropertyValueSpecification\",\"valueRequired\":true,\"valueName\":\"search_term_string\"}}],\"inLanguage\":\"en-US\"},{\"@type\":\"Organization\",\"@id\":\"https:\\\/\\\/www.tradonline.fr\\\/en\\\/#organization\",\"name\":\"Tradonline\",\"url\":\"https:\\\/\\\/www.tradonline.fr\\\/en\\\/\",\"logo\":{\"@type\":\"ImageObject\",\"inLanguage\":\"en-US\",\"@id\":\"https:\\\/\\\/www.tradonline.fr\\\/en\\\/#\\\/schema\\\/logo\\\/image\\\/\",\"url\":\"https:\\\/\\\/www.tradonline.fr\\\/wp-content\\\/uploads\\\/2021\\\/09\\\/cropped-logo-centered.png\",\"contentUrl\":\"https:\\\/\\\/www.tradonline.fr\\\/wp-content\\\/uploads\\\/2021\\\/09\\\/cropped-logo-centered.png\",\"width\":1920,\"height\":550,\"caption\":\"Tradonline\"},\"image\":{\"@id\":\"https:\\\/\\\/www.tradonline.fr\\\/en\\\/#\\\/schema\\\/logo\\\/image\\\/\"}}]}<\/script>\n<!-- \/ Yoast SEO plugin. -->","yoast_head_json":{"title":"Indesign Translation - Tradonline","description":"Do you need to have an InDesign file translated? Our translators can handle your projects and deliver a file that matches the original.","robots":{"index":"index","follow":"follow","max-snippet":"max-snippet:-1","max-image-preview":"max-image-preview:large","max-video-preview":"max-video-preview:-1"},"canonical":"https:\/\/www.tradonline.fr\/en\/your-needs\/indesign-translation\/","og_locale":"en_US","og_type":"article","og_title":"Indesign Translation - Tradonline","og_description":"Do you need to have an InDesign file translated? Our translators can handle your projects and deliver a file that matches the original.","og_url":"https:\/\/www.tradonline.fr\/en\/your-needs\/indesign-translation\/","og_site_name":"Tradonline","article_modified_time":"2023-12-26T11:42:36+00:00","twitter_card":"summary_large_image","twitter_misc":{"Est. reading time":"2 minutes"},"schema":{"@context":"https:\/\/schema.org","@graph":[{"@type":"WebPage","@id":"https:\/\/www.tradonline.fr\/en\/your-needs\/indesign-translation\/","url":"https:\/\/www.tradonline.fr\/en\/your-needs\/indesign-translation\/","name":"Indesign Translation - Tradonline","isPartOf":{"@id":"https:\/\/www.tradonline.fr\/en\/#website"},"datePublished":"2019-11-15T10:05:15+00:00","dateModified":"2023-12-26T11:42:36+00:00","description":"Do you need to have an InDesign file translated? Our translators can handle your projects and deliver a file that matches the original.","breadcrumb":{"@id":"https:\/\/www.tradonline.fr\/en\/your-needs\/indesign-translation\/#breadcrumb"},"inLanguage":"en-US","potentialAction":[{"@type":"ReadAction","target":["https:\/\/www.tradonline.fr\/en\/your-needs\/indesign-translation\/"]}]},{"@type":"BreadcrumbList","@id":"https:\/\/www.tradonline.fr\/en\/your-needs\/indesign-translation\/#breadcrumb","itemListElement":[{"@type":"ListItem","position":1,"name":"Home","item":"https:\/\/www.tradonline.fr\/en\/"},{"@type":"ListItem","position":2,"name":"Your needs","item":"https:\/\/www.tradonline.fr\/en\/your-needs\/"},{"@type":"ListItem","position":3,"name":"Indesign Translation"}]},{"@type":"WebSite","@id":"https:\/\/www.tradonline.fr\/en\/#website","url":"https:\/\/www.tradonline.fr\/en\/","name":"Tradonline","description":"More than translation","publisher":{"@id":"https:\/\/www.tradonline.fr\/en\/#organization"},"alternateName":"Tradonline","potentialAction":[{"@type":"SearchAction","target":{"@type":"EntryPoint","urlTemplate":"https:\/\/www.tradonline.fr\/en\/?s={search_term_string}"},"query-input":{"@type":"PropertyValueSpecification","valueRequired":true,"valueName":"search_term_string"}}],"inLanguage":"en-US"},{"@type":"Organization","@id":"https:\/\/www.tradonline.fr\/en\/#organization","name":"Tradonline","url":"https:\/\/www.tradonline.fr\/en\/","logo":{"@type":"ImageObject","inLanguage":"en-US","@id":"https:\/\/www.tradonline.fr\/en\/#\/schema\/logo\/image\/","url":"https:\/\/www.tradonline.fr\/wp-content\/uploads\/2021\/09\/cropped-logo-centered.png","contentUrl":"https:\/\/www.tradonline.fr\/wp-content\/uploads\/2021\/09\/cropped-logo-centered.png","width":1920,"height":550,"caption":"Tradonline"},"image":{"@id":"https:\/\/www.tradonline.fr\/en\/#\/schema\/logo\/image\/"}}]}},"_links":{"self":[{"href":"https:\/\/www.tradonline.fr\/en\/wp-json\/wp\/v2\/pages\/41689","targetHints":{"allow":["GET"]}}],"collection":[{"href":"https:\/\/www.tradonline.fr\/en\/wp-json\/wp\/v2\/pages"}],"about":[{"href":"https:\/\/www.tradonline.fr\/en\/wp-json\/wp\/v2\/types\/page"}],"author":[{"embeddable":true,"href":"https:\/\/www.tradonline.fr\/en\/wp-json\/wp\/v2\/users\/26"}],"replies":[{"embeddable":true,"href":"https:\/\/www.tradonline.fr\/en\/wp-json\/wp\/v2\/comments?post=41689"}],"version-history":[{"count":6,"href":"https:\/\/www.tradonline.fr\/en\/wp-json\/wp\/v2\/pages\/41689\/revisions"}],"predecessor-version":[{"id":76708,"href":"https:\/\/www.tradonline.fr\/en\/wp-json\/wp\/v2\/pages\/41689\/revisions\/76708"}],"up":[{"embeddable":true,"href":"https:\/\/www.tradonline.fr\/en\/wp-json\/wp\/v2\/pages\/36867"}],"wp:attachment":[{"href":"https:\/\/www.tradonline.fr\/en\/wp-json\/wp\/v2\/media?parent=41689"}],"curies":[{"name":"wp","href":"https:\/\/api.w.org\/{rel}","templated":true}]}}