{"id":36919,"date":"2019-09-26T12:11:37","date_gmt":"2019-09-26T10:11:37","guid":{"rendered":"http:\/\/prod01.tradonline.fr\/our-translators\/join-tradonline\/"},"modified":"2023-12-26T09:33:16","modified_gmt":"2023-12-26T08:33:16","slug":"join-tradonline","status":"publish","type":"page","link":"https:\/\/www.tradonline.fr\/en\/join-tradonline\/","title":{"rendered":"Join TradOnline"},"content":{"rendered":"<p>[et_pb_section fb_built=&#8221;1&#8243; admin_label=&#8221;Header&#8221; _builder_version=&#8221;4.22.1&#8243; _module_preset=&#8221;default&#8221; use_background_color_gradient=&#8221;on&#8221; background_color_gradient_type=&#8221;circular&#8221; background_color_gradient_stops=&#8221;gcid-64653083-5242-43fe-8dfb-3d72435526c0 0%|gcid-a2ad28b5-d28e-4d1e-9e4d-81a3653a5561 80%|#000000 100%&#8221; background_enable_image=&#8221;off&#8221; background_size=&#8221;contain&#8221; background_position=&#8221;bottom_center&#8221; overflow-x=&#8221;visible&#8221; overflow-y=&#8221;visible&#8221; custom_margin=&#8221;3vw|3vw||3vw|false|true&#8221; custom_padding=&#8221;30px||0px||false|false&#8221; bottom_divider_style=&#8221;slant&#8221; bottom_divider_color=&#8221;#FFFFFF&#8221; bottom_divider_height=&#8221;150px&#8221; bottom_divider_flip=&#8221;vertical&#8221; bottom_divider_height_tablet=&#8221;100px&#8221; bottom_divider_height_phone=&#8221;50px&#8221; bottom_divider_height_last_edited=&#8221;on|phone&#8221; background_last_edited=&#8221;on|desktop&#8221; background_mask_aspect_ratio_tablet=&#8221;portrait&#8221; background_mask_size_tablet=&#8221;stretch&#8221; background_mask_size_phone=&#8221;stretch&#8221; border_radii=&#8221;on|1.5vw|1.5vw|1.5vw|1.5vw&#8221; locked=&#8221;off&#8221; collapsed=&#8221;off&#8221; global_colors_info=&#8221;{%22gcid-64653083-5242-43fe-8dfb-3d72435526c0%22:%91%22background_color_gradient_stops%22%93}&#8221;][et_pb_row column_structure=&#8221;2_3,1_3&#8243; _builder_version=&#8221;4.22.1&#8243; _module_preset=&#8221;default&#8221; locked=&#8221;off&#8221; global_colors_info=&#8221;{}&#8221;][et_pb_column type=&#8221;2_3&#8243; _builder_version=&#8221;4.22.1&#8243; _module_preset=&#8221;default&#8221; custom_padding_tablet=&#8221;0%||||false|false&#8221; custom_padding_phone=&#8221;0%||||false|false&#8221; custom_padding_last_edited=&#8221;off|phone&#8221; global_colors_info=&#8221;{}&#8221;][et_pb_text _builder_version=&#8221;4.22.2&#8243; _module_preset=&#8221;8d14a993-9bd2-43cf-95eb-7cd556864b08&#8243; header_4_text_color=&#8221;gcid-b25270ff-80a4-43b3-b4f7-60812cb04374&#8243; custom_margin=&#8221;3vw||0px||false|false&#8221; global_colors_info=&#8221;{%22gcid-b25270ff-80a4-43b3-b4f7-60812cb04374%22:%91%22header_4_text_color%22%93}&#8221;]<\/p>\n<h4>Translators<\/h4>\n<p>[\/et_pb_text][et_pb_text _builder_version=&#8221;4.22.2&#8243; _module_preset=&#8221;f4dc5eab-e33f-40c9-8a75-58be26f45762&#8243; header_text_color=&#8221;#FFFFFF&#8221; header_font_size=&#8221;60px&#8221; header_2_font=&#8221;Inter|700|on||||||&#8221; header_2_text_color=&#8221;#FFFFFF&#8221; header_2_font_size=&#8221;40px&#8221; custom_margin=&#8221;||10px||false|false&#8221; header_font_size_tablet=&#8221;50px&#8221; header_font_size_phone=&#8221;30px&#8221; header_font_size_last_edited=&#8221;on|phone&#8221; header_2_font_size_tablet=&#8221;36px&#8221; header_2_font_size_phone=&#8221;24px&#8221; header_2_font_size_last_edited=&#8221;on|phone&#8221; global_colors_info=&#8221;{}&#8221;]<\/p>\n<h1>Join TradOnline<\/h1>\n<p>[\/et_pb_text][\/et_pb_column][et_pb_column type=&#8221;1_3&#8243; _builder_version=&#8221;4.21.0&#8243; _module_preset=&#8221;default&#8221; global_colors_info=&#8221;{}&#8221;][et_pb_image src=&#8221;https:\/\/www.tradonline.fr\/wp-content\/uploads\/2023\/09\/services-tradonline.png&#8221; title_text=&#8221;services-tradonline&#8221; align=&#8221;center&#8221; _builder_version=&#8221;4.22.1&#8243; _module_preset=&#8221;default&#8221; width_tablet=&#8221;60%&#8221; width_phone=&#8221;50%&#8221; width_last_edited=&#8221;on|phone&#8221; custom_margin=&#8221;-4vw|-6vw|-2vw||false|false&#8221; custom_margin_tablet=&#8221;-27vw|-3vw|-6vw||false|false&#8221; custom_margin_phone=&#8221;-32vw|-3vw|-6vw||false|false&#8221; custom_margin_last_edited=&#8221;on|desktop&#8221; animation_style=&#8221;slide&#8221; animation_direction=&#8221;right&#8221; animation_duration=&#8221;1500ms&#8221; global_colors_info=&#8221;{}&#8221;][\/et_pb_image][\/et_pb_column][\/et_pb_row][\/et_pb_section][et_pb_section fb_built=&#8221;1&#8243; admin_label=&#8221;section&#8221; _builder_version=&#8221;4.16&#8243; global_colors_info=&#8221;{}&#8221;][et_pb_row admin_label=&#8221;row&#8221; _builder_version=&#8221;4.22.1&#8243; background_size=&#8221;initial&#8221; background_position=&#8221;top_left&#8221; background_repeat=&#8221;repeat&#8221; global_colors_info=&#8221;{}&#8221;][et_pb_column type=&#8221;4_4&#8243; _builder_version=&#8221;4.16&#8243; custom_padding=&#8221;|||&#8221; global_colors_info=&#8221;{}&#8221; custom_padding__hover=&#8221;|||&#8221;][et_pb_text admin_label=&#8221;Text&#8221; _builder_version=&#8221;4.22.2&#8243; background_size=&#8221;initial&#8221; background_position=&#8221;top_left&#8221; background_repeat=&#8221;repeat&#8221; text_orientation=&#8221;center&#8221; global_colors_info=&#8221;{}&#8221;]<\/p>\n<h2>Are you a freelance translator?<\/h2>\n<p><strong>If you\u2019re a translator and want to join our network of partners, we\u2019ll be happy to hear from you!<\/strong><\/p>\n<p><strong>We\u2019re constantly on the look out for new talent to strengthen our team.<\/strong><\/p>\n<p>[\/et_pb_text][\/et_pb_column][\/et_pb_row][et_pb_row column_structure=&#8221;1_2,1_2&#8243; admin_label=&#8221;row&#8221; _builder_version=&#8221;4.22.1&#8243; background_size=&#8221;initial&#8221; background_position=&#8221;top_left&#8221; background_repeat=&#8221;repeat&#8221; global_colors_info=&#8221;{}&#8221;][et_pb_column type=&#8221;1_2&#8243; _builder_version=&#8221;4.22.1&#8243; custom_padding=&#8221;|||&#8221; global_colors_info=&#8221;{}&#8221; custom_padding__hover=&#8221;|||&#8221;][et_pb_text admin_label=&#8221;Text&#8221; _builder_version=&#8221;4.22.2&#8243; background_size=&#8221;initial&#8221; background_position=&#8221;top_left&#8221; background_repeat=&#8221;repeat&#8221; global_colors_info=&#8221;{}&#8221;]<\/p>\n<h4>What are the criteria we\u2019re looking for to be referenced at TradOnline?<\/h4>\n<p>If you\u2019re a rigorous, professional translator with experience and great personal relations, you\u2019re in great shape!<\/p>\n<p>Each translation agency differentiates itself by the quality of the translators they select; that\u2019s why TradOnline puts particular care into this aspect.<\/p>\n<p>We\u2019re looking for translators who share in our convictions. Our partnerships are always more fruitful when we see eye-to-eye!<\/p>\n<p>Our translators are veritable partners and they sign a strict charter that guides our mutual relationship moving forward (ask if you\u2019re interested in taking a look).<\/p>\n<p>&nbsp;<\/p>\n<p>[\/et_pb_text][et_pb_button button_url=&#8221;https:\/\/supplier.tradonline.fr\/&#8221; url_new_window=&#8221;on&#8221; button_text=&#8221;Freelance translators: sign up here!&#8221; button_alignment=&#8221;center&#8221; _builder_version=&#8221;4.22.2&#8243; _module_preset=&#8221;default&#8221; global_colors_info=&#8221;{}&#8221;][\/et_pb_button][\/et_pb_column][et_pb_column type=&#8221;1_2&#8243; _builder_version=&#8221;4.22.1&#8243; custom_padding=&#8221;|||30px|false|false&#8221; border_width_left=&#8221;3px&#8221; border_color_left=&#8221;rgba(0,0,0,0.19)&#8221; global_colors_info=&#8221;{}&#8221; custom_padding__hover=&#8221;|||&#8221;][et_pb_text admin_label=&#8221;Text&#8221; _builder_version=&#8221;4.22.2&#8243; background_size=&#8221;initial&#8221; background_position=&#8221;top_left&#8221; background_repeat=&#8221;repeat&#8221; global_colors_info=&#8221;{}&#8221;]<\/p>\n<h4>If you\u2019re a project manager and you want to join the team as a full-time employee<\/h4>\n<p>If you\u2019re currently an employee at another translation agency and want to continue your professional growth within our group, or just finished your studies, feel free to send us your CV with a cover letter.<\/p>\n<p>We\u2019ll be happy to study your application and to welcome new talent to the team.<\/p>\n<p>&nbsp;<\/p>\n<p>[\/et_pb_text][et_pb_button button_url=&#8221;mailto:providers@tradonline.fr&#8221; button_text=&#8221;Contact us&#8221; button_alignment=&#8221;center&#8221; _builder_version=&#8221;4.22.2&#8243; _module_preset=&#8221;default&#8221; global_colors_info=&#8221;{}&#8221;][\/et_pb_button][\/et_pb_column][\/et_pb_row][\/et_pb_section]<\/p>\n","protected":false},"excerpt":{"rendered":"<p>TranslatorsJoin TradOnlineAre you a freelance translator? If you\u2019re a translator and want to join our network of partners, we\u2019ll be happy to hear from you! We\u2019re constantly on the look out for new talent to strengthen our team.What are the criteria we\u2019re looking for to be referenced at TradOnline? If you\u2019re a rigorous, professional translator [&hellip;]<\/p>\n","protected":false},"author":26,"featured_media":40637,"parent":0,"menu_order":0,"comment_status":"closed","ping_status":"closed","template":"","meta":{"_et_pb_use_builder":"on","_et_pb_old_content":"<!-- wp:heading {\"editorskit\":{\"devices\":false,\"desktop\":true,\"tablet\":true,\"mobile\":true,\"loggedin\":true,\"loggedout\":true,\"acf_visibility\":\"\",\"acf_field\":\"\",\"acf_condition\":\"\",\"acf_value\":\"\",\"migrated\":false,\"unit_test\":false}} -->\r\n<h2 class=\"wp-block-heading\"><strong>Vous \u00eates traducteur freelance\r\n?<\/strong><\/h2>\r\n<!-- \/wp:heading -->\r\n\r\n<!-- wp:paragraph -->\r\n<p>Vous \u00eates traducteur et\r\nsouhaitez int\u00e9grer notre \u00e9quipe de traducteurs partenaires ?<\/p>\r\n<!-- \/wp:paragraph -->\r\n\r\n<!-- wp:paragraph -->\r\n<p>Nous recherchons en permanence\r\nde nouveaux talents pour renforcer notre \u00e9quipe.<\/p>\r\n<!-- \/wp:paragraph -->\r\n\r\n<!-- wp:heading {\"level\":3,\"editorskit\":{\"devices\":false,\"desktop\":true,\"tablet\":true,\"mobile\":true,\"loggedin\":true,\"loggedout\":true,\"acf_visibility\":\"\",\"acf_field\":\"\",\"acf_condition\":\"\",\"acf_value\":\"\",\"migrated\":false,\"unit_test\":false}} -->\r\n<h3 class=\"wp-block-heading\"><strong>Quels sont les crit\u00e8res\r\nincontournables pour se faire r\u00e9f\u00e9rencer chez TradOnline ?<\/strong><\/h3>\r\n<!-- \/wp:heading -->\r\n\r\n<!-- wp:paragraph -->\r\n<p>Vous \u00eates un traducteur\r\nprofessionnel pointilleux avec de l\u2019exp\u00e9rience et des qualit\u00e9s relationnelles\r\ncertaines\u202f? Bingo\u202f!<\/p>\r\n<!-- \/wp:paragraph -->\r\n\r\n<!-- wp:paragraph -->\r\n<p>Toute agence de traduction se\r\ndiff\u00e9rencie notamment par la qualit\u00e9 de la s\u00e9lection de ses traducteurs, c\u2019est\r\npourquoi TradOnline met tout particuli\u00e8rement l\u2019accent sur ce point.<\/p>\r\n<!-- \/wp:paragraph -->\r\n\r\n<!-- wp:paragraph -->\r\n<p>Nous recherchons des traducteurs qui partagent <a href=\"\/lagence\/pourquoi-choisir-tradonline\/\">nos convictions<\/a>. Pour travailler en \u00e9quipe, mieux vaut se comprendre\u00a0!<\/p>\r\n<!-- \/wp:paragraph -->\r\n\r\n<!-- wp:paragraph -->\r\n<p>Nos traducteurs sont de\u00a0<strong>v\u00e9ritables\r\npartenaires<\/strong>\u00a0et ils s\u2019engagent envers notre agence en signant notamment\r\nune charte stricte guidant nos conduites mutuelles (possibilit\u00e9 de consultation\r\nsur demande).<\/p>\r\n<!-- \/wp:paragraph -->\r\n\r\n<!-- wp:button {\"className\":\"aligncenter\",\"editorskit\":{\"devices\":false,\"desktop\":true,\"tablet\":true,\"mobile\":true,\"loggedin\":true,\"loggedout\":true,\"acf_visibility\":\"\",\"acf_field\":\"\",\"acf_condition\":\"\",\"acf_value\":\"\",\"migrated\":false,\"unit_test\":false}} -->\r\n<div class=\"wp-block-button aligncenter\"><a class=\"wp-block-button__link wp-element-button\" href=\"https:\/\/supplier.tradonline.fr\">Traducteurs freelance : c'est par ici !<\/a><\/div>\r\n<!-- \/wp:button -->\r\n\r\n<!-- wp:spacer {\"height\":\"67px\",\"editorskit\":{\"devices\":false,\"desktop\":true,\"tablet\":true,\"mobile\":true,\"loggedin\":true,\"loggedout\":true,\"acf_visibility\":\"\",\"acf_field\":\"\",\"acf_condition\":\"\",\"acf_value\":\"\",\"migrated\":false,\"unit_test\":false}} -->\r\n<div style=\"height:67px\" aria-hidden=\"true\" class=\"wp-block-spacer\"><\/div>\r\n<!-- \/wp:spacer -->\r\n\r\n<!-- wp:heading {\"editorskit\":{\"devices\":false,\"desktop\":true,\"tablet\":true,\"mobile\":true,\"loggedin\":true,\"loggedout\":true,\"acf_visibility\":\"\",\"acf_field\":\"\",\"acf_condition\":\"\",\"acf_value\":\"\",\"migrated\":false,\"unit_test\":false}} -->\r\n<h2 class=\"wp-block-heading\"><strong>Vous \u00eates chef de projet et souhaitez int\u00e9grer notre \u00e9quipe en tant que salari\u00e9\u00a0?<\/strong><\/h2>\r\n<!-- \/wp:heading -->\r\n\r\n<!-- wp:paragraph -->\r\n<p>Vous \u00eates actuellement salari\u00e9\r\ndans une agence de traduction et souhaitez \u00e9voluer au sein d\u2019un autre\r\ngroupe\u00a0? Vous \u00eates jeune dipl\u00f4m\u00e9\u00a0?<\/p>\r\n<!-- \/wp:paragraph -->\r\n\r\n<!-- wp:paragraph -->\r\n<p>N\u2019h\u00e9sitez pas \u00e0 nous envoyer\r\nun CV et une lettre de motivation.<\/p>\r\n<!-- \/wp:paragraph -->\r\n\r\n<!-- wp:paragraph -->\r\n<p>Nous serons ravis d\u2019\u00e9tudier\r\nvotre candidature et d\u2019accueillir de nouveaux talents dans l\u2019\u00e9quipe.<\/p>\r\n<!-- \/wp:paragraph -->\r\n\r\n<!-- wp:button {\"className\":\"aligncenter\",\"editorskit\":{\"devices\":false,\"desktop\":true,\"tablet\":true,\"mobile\":true,\"loggedin\":true,\"loggedout\":true,\"acf_visibility\":\"\",\"acf_field\":\"\",\"acf_condition\":\"\",\"acf_value\":\"\",\"migrated\":false,\"unit_test\":false}} -->\r\n<div class=\"wp-block-button aligncenter\"><a class=\"wp-block-button__link wp-element-button\" href=\"mailto:providers@tradonline.fr\">Contactez-nous<\/a><\/div>\r\n<!-- \/wp:button -->","_et_gb_content_width":"","footnotes":""},"class_list":["post-36919","page","type-page","status-publish","has-post-thumbnail","hentry"],"yoast_head":"<!-- This site is optimized with the Yoast SEO plugin v27.5 - https:\/\/yoast.com\/product\/yoast-seo-wordpress\/ -->\n<title>Join TradOnline - Tradonline<\/title>\n<meta name=\"description\" content=\"Are you a project manager or freelance translator looking to explore an opportunity with us? We&#039;re always on the lookout for new talent.\" \/>\n<meta name=\"robots\" content=\"index, follow, max-snippet:-1, max-image-preview:large, max-video-preview:-1\" \/>\n<link rel=\"canonical\" href=\"https:\/\/www.tradonline.fr\/en\/join-tradonline\/\" \/>\n<meta property=\"og:locale\" content=\"en_US\" \/>\n<meta property=\"og:type\" content=\"article\" \/>\n<meta property=\"og:title\" content=\"Join TradOnline - Tradonline\" \/>\n<meta property=\"og:description\" content=\"Are you a project manager or freelance translator looking to explore an opportunity with us? We&#039;re always on the lookout for new talent.\" \/>\n<meta property=\"og:url\" content=\"https:\/\/www.tradonline.fr\/en\/join-tradonline\/\" \/>\n<meta property=\"og:site_name\" content=\"Tradonline\" \/>\n<meta property=\"article:modified_time\" content=\"2023-12-26T08:33:16+00:00\" \/>\n<meta property=\"og:image\" content=\"https:\/\/www.tradonline.fr\/wp-content\/uploads\/2020\/02\/3-personnes-3-ampoules_redim.jpeg\" \/>\n\t<meta property=\"og:image:width\" content=\"1920\" \/>\n\t<meta property=\"og:image:height\" content=\"500\" \/>\n\t<meta property=\"og:image:type\" content=\"image\/jpeg\" \/>\n<meta name=\"twitter:card\" content=\"summary_large_image\" \/>\n<meta name=\"twitter:label1\" content=\"Est. reading time\" \/>\n\t<meta name=\"twitter:data1\" content=\"2 minutes\" \/>\n<script type=\"application\/ld+json\" class=\"yoast-schema-graph\">{\"@context\":\"https:\\\/\\\/schema.org\",\"@graph\":[{\"@type\":\"WebPage\",\"@id\":\"https:\\\/\\\/www.tradonline.fr\\\/en\\\/join-tradonline\\\/\",\"url\":\"https:\\\/\\\/www.tradonline.fr\\\/en\\\/join-tradonline\\\/\",\"name\":\"Join TradOnline - Tradonline\",\"isPartOf\":{\"@id\":\"https:\\\/\\\/www.tradonline.fr\\\/en\\\/#website\"},\"primaryImageOfPage\":{\"@id\":\"https:\\\/\\\/www.tradonline.fr\\\/en\\\/join-tradonline\\\/#primaryimage\"},\"image\":{\"@id\":\"https:\\\/\\\/www.tradonline.fr\\\/en\\\/join-tradonline\\\/#primaryimage\"},\"thumbnailUrl\":\"https:\\\/\\\/www.tradonline.fr\\\/wp-content\\\/uploads\\\/2020\\\/02\\\/3-personnes-3-ampoules_redim.jpeg\",\"datePublished\":\"2019-09-26T10:11:37+00:00\",\"dateModified\":\"2023-12-26T08:33:16+00:00\",\"description\":\"Are you a project manager or freelance translator looking to explore an opportunity with us? We're always on the lookout for new talent.\",\"breadcrumb\":{\"@id\":\"https:\\\/\\\/www.tradonline.fr\\\/en\\\/join-tradonline\\\/#breadcrumb\"},\"inLanguage\":\"en-US\",\"potentialAction\":[{\"@type\":\"ReadAction\",\"target\":[\"https:\\\/\\\/www.tradonline.fr\\\/en\\\/join-tradonline\\\/\"]}]},{\"@type\":\"ImageObject\",\"inLanguage\":\"en-US\",\"@id\":\"https:\\\/\\\/www.tradonline.fr\\\/en\\\/join-tradonline\\\/#primaryimage\",\"url\":\"https:\\\/\\\/www.tradonline.fr\\\/wp-content\\\/uploads\\\/2020\\\/02\\\/3-personnes-3-ampoules_redim.jpeg\",\"contentUrl\":\"https:\\\/\\\/www.tradonline.fr\\\/wp-content\\\/uploads\\\/2020\\\/02\\\/3-personnes-3-ampoules_redim.jpeg\",\"width\":1920,\"height\":500,\"caption\":\"3 personnes 3 ampoules redim\"},{\"@type\":\"BreadcrumbList\",\"@id\":\"https:\\\/\\\/www.tradonline.fr\\\/en\\\/join-tradonline\\\/#breadcrumb\",\"itemListElement\":[{\"@type\":\"ListItem\",\"position\":1,\"name\":\"Home\",\"item\":\"https:\\\/\\\/www.tradonline.fr\\\/en\\\/\"},{\"@type\":\"ListItem\",\"position\":2,\"name\":\"Join TradOnline\"}]},{\"@type\":\"WebSite\",\"@id\":\"https:\\\/\\\/www.tradonline.fr\\\/en\\\/#website\",\"url\":\"https:\\\/\\\/www.tradonline.fr\\\/en\\\/\",\"name\":\"Tradonline\",\"description\":\"More than translation\",\"publisher\":{\"@id\":\"https:\\\/\\\/www.tradonline.fr\\\/en\\\/#organization\"},\"alternateName\":\"Tradonline\",\"potentialAction\":[{\"@type\":\"SearchAction\",\"target\":{\"@type\":\"EntryPoint\",\"urlTemplate\":\"https:\\\/\\\/www.tradonline.fr\\\/en\\\/?s={search_term_string}\"},\"query-input\":{\"@type\":\"PropertyValueSpecification\",\"valueRequired\":true,\"valueName\":\"search_term_string\"}}],\"inLanguage\":\"en-US\"},{\"@type\":\"Organization\",\"@id\":\"https:\\\/\\\/www.tradonline.fr\\\/en\\\/#organization\",\"name\":\"Tradonline\",\"url\":\"https:\\\/\\\/www.tradonline.fr\\\/en\\\/\",\"logo\":{\"@type\":\"ImageObject\",\"inLanguage\":\"en-US\",\"@id\":\"https:\\\/\\\/www.tradonline.fr\\\/en\\\/#\\\/schema\\\/logo\\\/image\\\/\",\"url\":\"https:\\\/\\\/www.tradonline.fr\\\/wp-content\\\/uploads\\\/2021\\\/09\\\/cropped-logo-centered.png\",\"contentUrl\":\"https:\\\/\\\/www.tradonline.fr\\\/wp-content\\\/uploads\\\/2021\\\/09\\\/cropped-logo-centered.png\",\"width\":1920,\"height\":550,\"caption\":\"Tradonline\"},\"image\":{\"@id\":\"https:\\\/\\\/www.tradonline.fr\\\/en\\\/#\\\/schema\\\/logo\\\/image\\\/\"}}]}<\/script>\n<!-- \/ Yoast SEO plugin. -->","yoast_head_json":{"title":"Join TradOnline - Tradonline","description":"Are you a project manager or freelance translator looking to explore an opportunity with us? We're always on the lookout for new talent.","robots":{"index":"index","follow":"follow","max-snippet":"max-snippet:-1","max-image-preview":"max-image-preview:large","max-video-preview":"max-video-preview:-1"},"canonical":"https:\/\/www.tradonline.fr\/en\/join-tradonline\/","og_locale":"en_US","og_type":"article","og_title":"Join TradOnline - Tradonline","og_description":"Are you a project manager or freelance translator looking to explore an opportunity with us? We're always on the lookout for new talent.","og_url":"https:\/\/www.tradonline.fr\/en\/join-tradonline\/","og_site_name":"Tradonline","article_modified_time":"2023-12-26T08:33:16+00:00","og_image":[{"width":1920,"height":500,"url":"https:\/\/www.tradonline.fr\/wp-content\/uploads\/2020\/02\/3-personnes-3-ampoules_redim.jpeg","type":"image\/jpeg"}],"twitter_card":"summary_large_image","twitter_misc":{"Est. reading time":"2 minutes"},"schema":{"@context":"https:\/\/schema.org","@graph":[{"@type":"WebPage","@id":"https:\/\/www.tradonline.fr\/en\/join-tradonline\/","url":"https:\/\/www.tradonline.fr\/en\/join-tradonline\/","name":"Join TradOnline - Tradonline","isPartOf":{"@id":"https:\/\/www.tradonline.fr\/en\/#website"},"primaryImageOfPage":{"@id":"https:\/\/www.tradonline.fr\/en\/join-tradonline\/#primaryimage"},"image":{"@id":"https:\/\/www.tradonline.fr\/en\/join-tradonline\/#primaryimage"},"thumbnailUrl":"https:\/\/www.tradonline.fr\/wp-content\/uploads\/2020\/02\/3-personnes-3-ampoules_redim.jpeg","datePublished":"2019-09-26T10:11:37+00:00","dateModified":"2023-12-26T08:33:16+00:00","description":"Are you a project manager or freelance translator looking to explore an opportunity with us? We're always on the lookout for new talent.","breadcrumb":{"@id":"https:\/\/www.tradonline.fr\/en\/join-tradonline\/#breadcrumb"},"inLanguage":"en-US","potentialAction":[{"@type":"ReadAction","target":["https:\/\/www.tradonline.fr\/en\/join-tradonline\/"]}]},{"@type":"ImageObject","inLanguage":"en-US","@id":"https:\/\/www.tradonline.fr\/en\/join-tradonline\/#primaryimage","url":"https:\/\/www.tradonline.fr\/wp-content\/uploads\/2020\/02\/3-personnes-3-ampoules_redim.jpeg","contentUrl":"https:\/\/www.tradonline.fr\/wp-content\/uploads\/2020\/02\/3-personnes-3-ampoules_redim.jpeg","width":1920,"height":500,"caption":"3 personnes 3 ampoules redim"},{"@type":"BreadcrumbList","@id":"https:\/\/www.tradonline.fr\/en\/join-tradonline\/#breadcrumb","itemListElement":[{"@type":"ListItem","position":1,"name":"Home","item":"https:\/\/www.tradonline.fr\/en\/"},{"@type":"ListItem","position":2,"name":"Join TradOnline"}]},{"@type":"WebSite","@id":"https:\/\/www.tradonline.fr\/en\/#website","url":"https:\/\/www.tradonline.fr\/en\/","name":"Tradonline","description":"More than translation","publisher":{"@id":"https:\/\/www.tradonline.fr\/en\/#organization"},"alternateName":"Tradonline","potentialAction":[{"@type":"SearchAction","target":{"@type":"EntryPoint","urlTemplate":"https:\/\/www.tradonline.fr\/en\/?s={search_term_string}"},"query-input":{"@type":"PropertyValueSpecification","valueRequired":true,"valueName":"search_term_string"}}],"inLanguage":"en-US"},{"@type":"Organization","@id":"https:\/\/www.tradonline.fr\/en\/#organization","name":"Tradonline","url":"https:\/\/www.tradonline.fr\/en\/","logo":{"@type":"ImageObject","inLanguage":"en-US","@id":"https:\/\/www.tradonline.fr\/en\/#\/schema\/logo\/image\/","url":"https:\/\/www.tradonline.fr\/wp-content\/uploads\/2021\/09\/cropped-logo-centered.png","contentUrl":"https:\/\/www.tradonline.fr\/wp-content\/uploads\/2021\/09\/cropped-logo-centered.png","width":1920,"height":550,"caption":"Tradonline"},"image":{"@id":"https:\/\/www.tradonline.fr\/en\/#\/schema\/logo\/image\/"}}]}},"_links":{"self":[{"href":"https:\/\/www.tradonline.fr\/en\/wp-json\/wp\/v2\/pages\/36919","targetHints":{"allow":["GET"]}}],"collection":[{"href":"https:\/\/www.tradonline.fr\/en\/wp-json\/wp\/v2\/pages"}],"about":[{"href":"https:\/\/www.tradonline.fr\/en\/wp-json\/wp\/v2\/types\/page"}],"author":[{"embeddable":true,"href":"https:\/\/www.tradonline.fr\/en\/wp-json\/wp\/v2\/users\/26"}],"replies":[{"embeddable":true,"href":"https:\/\/www.tradonline.fr\/en\/wp-json\/wp\/v2\/comments?post=36919"}],"version-history":[{"count":3,"href":"https:\/\/www.tradonline.fr\/en\/wp-json\/wp\/v2\/pages\/36919\/revisions"}],"predecessor-version":[{"id":77023,"href":"https:\/\/www.tradonline.fr\/en\/wp-json\/wp\/v2\/pages\/36919\/revisions\/77023"}],"wp:featuredmedia":[{"embeddable":true,"href":"https:\/\/www.tradonline.fr\/en\/wp-json\/wp\/v2\/media\/40637"}],"wp:attachment":[{"href":"https:\/\/www.tradonline.fr\/en\/wp-json\/wp\/v2\/media?parent=36919"}],"curies":[{"name":"wp","href":"https:\/\/api.w.org\/{rel}","templated":true}]}}